{"id":3,"date":"2023-06-22T19:26:12","date_gmt":"2023-06-22T19:26:12","guid":{"rendered":"https:\/\/aioit.cl\/?page_id=3"},"modified":"2023-06-30T05:27:26","modified_gmt":"2023-06-30T05:27:26","slug":"privacy-policy","status":"publish","type":"page","link":"https:\/\/aioit.cl\/index.php\/privacy-policy\/","title":{"rendered":"Privacy Policy"},"content":{"rendered":"\t\t<div data-elementor-type=\"wp-page\" data-elementor-id=\"3\" class=\"elementor elementor-3\">\n\t\t\t\t\t\t<section class=\"elementor-section elementor-top-section elementor-element elementor-element-9ac5d51 elementor-section-height-min-height elementor-section-boxed elementor-section-height-default elementor-section-items-middle\" data-id=\"9ac5d51\" data-element_type=\"section\" data-settings=\"{&quot;background_background&quot;:&quot;classic&quot;}\">\n\t\t\t\t\t\t<div class=\"elementor-container elementor-column-gap-no\">\n\t\t\t\t\t<div class=\"elementor-column elementor-col-100 elementor-top-column elementor-element elementor-element-a75fd86\" data-id=\"a75fd86\" data-element_type=\"column\" data-settings=\"{&quot;background_background&quot;:&quot;classic&quot;}\">\n\t\t\t<div class=\"elementor-widget-wrap elementor-element-populated\">\n\t\t\t\t\t\t<div class=\"elementor-element elementor-element-420be0f elementor-widget elementor-widget-heading\" data-id=\"420be0f\" data-element_type=\"widget\" data-widget_type=\"heading.default\">\n\t\t\t\t<div class=\"elementor-widget-container\">\n\t\t\t<h1 class=\"elementor-heading-title elementor-size-default\">Pol\u00edticas de Privacidad y tratamiento de datos<\/h1>\t\t<\/div>\n\t\t\t\t<\/div>\n\t\t\t\t\t<\/div>\n\t\t<\/div>\n\t\t\t\t\t<\/div>\n\t\t<\/section>\n\t\t\t\t<section class=\"elementor-section elementor-top-section elementor-element elementor-element-5403aabe elementor-section-boxed elementor-section-height-default elementor-section-height-default\" data-id=\"5403aabe\" data-element_type=\"section\" data-settings=\"{&quot;background_background&quot;:&quot;classic&quot;}\">\n\t\t\t\t\t\t<div class=\"elementor-container elementor-column-gap-default\">\n\t\t\t\t\t<div class=\"elementor-column elementor-col-100 elementor-top-column elementor-element elementor-element-11af651b\" data-id=\"11af651b\" data-element_type=\"column\">\n\t\t\t<div class=\"elementor-widget-wrap elementor-element-populated\">\n\t\t\t\t\t\t<div class=\"elementor-element elementor-element-7edbc2f elementor-widget elementor-widget-spacer\" data-id=\"7edbc2f\" data-element_type=\"widget\" data-widget_type=\"spacer.default\">\n\t\t\t\t<div class=\"elementor-widget-container\">\n\t\t\t\t\t<div class=\"elementor-spacer\">\n\t\t\t<div class=\"elementor-spacer-inner\"><\/div>\n\t\t<\/div>\n\t\t\t\t<\/div>\n\t\t\t\t<\/div>\n\t\t\t\t<div class=\"elementor-element elementor-element-38a75b1a elementor-widget elementor-widget-text-editor\" data-id=\"38a75b1a\" data-element_type=\"widget\" data-widget_type=\"text-editor.default\">\n\t\t\t\t<div class=\"elementor-widget-container\">\n\t\t\t\t\t\t\t<p><strong>Pol\u00edticas de Privacidad<\/strong><\/p>\n<p>En nuestra empresa, valoramos y respetamos tu privacidad. Esta Pol\u00edtica de Privacidad describe c\u00f3mo recopilamos, utilizamos y protegemos la informaci\u00f3n personal que nos proporcionas cuando visitas nuestro sitio web.<\/p>\n<p><strong>Recopilaci\u00f3n de informaci\u00f3n:<\/strong><br \/>&#8211; Recopilamos informaci\u00f3n personal, como nombres, direcciones de correo electr\u00f3nico y n\u00fameros de tel\u00e9fono, solo cuando nos la proporcionas de manera voluntaria a trav\u00e9s de nuestros formularios de contacto.<\/p>\n<p><strong>Uso de la informaci\u00f3n:<\/strong><br \/>&#8211; Utilizamos la informaci\u00f3n personal que nos proporcionas para responder a tus consultas, brindarte el soporte solicitado y enviar informaci\u00f3n relevante sobre nuestros productos y servicios, siempre con tu consentimiento previo.<\/p>\n<p><strong>Protecci\u00f3n de la informaci\u00f3n:<\/strong><br \/>&#8211; Mantenemos medidas de seguridad t\u00e9cnicas y organizativas para proteger tu informaci\u00f3n personal contra accesos no autorizados, uso indebido o divulgaci\u00f3n.<\/p>\n<p><strong>No compartimos tu informaci\u00f3n:<\/strong><br \/>&#8211; No compartimos, vendemos ni transferimos tu informaci\u00f3n personal a terceros sin tu consentimiento, excepto cuando sea necesario para cumplir con las leyes aplicables o en respuesta a una solicitud legal.<\/p>\n<p><strong>Cookies y seguimiento:<\/strong><br \/>&#8211; Utilizamos cookies y tecnolog\u00edas de seguimiento para mejorar tu experiencia en nuestro sitio web y recopilar informaci\u00f3n sobre c\u00f3mo interact\u00faas con nosotros en l\u00ednea. Puedes ajustar tus preferencias de cookies en cualquier momento a trav\u00e9s de la configuraci\u00f3n de tu navegador.<\/p>\n<p><strong>Enlaces a sitios web de terceros:<\/strong><br \/>&#8211; Nuestro sitio web puede contener enlaces a sitios web de terceros. No nos hacemos responsables de las pr\u00e1cticas de privacidad o contenido de dichos sitios. Te recomendamos revisar las pol\u00edticas de privacidad de esos sitios antes de proporcionarles tu informaci\u00f3n personal.<\/p>\n<p><strong>Cambios en la Pol\u00edtica de Privacidad:<\/strong><br \/>&#8211; Nos reservamos el derecho de actualizar o modificar esta Pol\u00edtica de Privacidad en cualquier momento. Te recomendamos revisar peri\u00f3dicamente esta p\u00e1gina para estar al tanto de los cambios.<\/p>\n<p>Si tienes alguna pregunta o inquietud sobre nuestras pol\u00edticas de privacidad, no dudes en contactarnos. Tu privacidad es importante para nosotros y nos comprometemos a protegerla en todo momento.<\/p>\t\t\t\t\t\t<\/div>\n\t\t\t\t<\/div>\n\t\t\t\t\t<\/div>\n\t\t<\/div>\n\t\t\t\t\t<\/div>\n\t\t<\/section>\n\t\t<div class=\"elementor-element elementor-element-a794bc1 e-grid e-con-boxed e-con e-parent\" data-id=\"a794bc1\" data-element_type=\"container\" data-settings=\"{&quot;background_background&quot;:&quot;classic&quot;}\">\n\t\t\t\t\t<div class=\"e-con-inner\">\n\t\t\t\t<div class=\"elementor-element elementor-element-472ac1d elementor-view-default elementor-widget elementor-widget-icon\" data-id=\"472ac1d\" data-element_type=\"widget\" data-widget_type=\"icon.default\">\n\t\t\t\t<div class=\"elementor-widget-container\">\n\t\t\t\t\t<div class=\"elementor-icon-wrapper\">\n\t\t\t<div class=\"elementor-icon\">\n\t\t\t<svg xmlns=\"http:\/\/www.w3.org\/2000\/svg\" xmlns:xlink=\"http:\/\/www.w3.org\/1999\/xlink\" width=\"1279.04px\" height=\"458.71px\" viewBox=\"0,0,256,91.79688\"><g fill=\"#ffffff\" fill-rule=\"nonzero\" stroke=\"none\" stroke-width=\"1\" stroke-linecap=\"butt\" stroke-linejoin=\"miter\" stroke-miterlimit=\"10\" stroke-dasharray=\"\" stroke-dashoffset=\"0\" font-family=\"none\" font-weight=\"none\" font-size=\"none\" text-anchor=\"none\" style=\"mix-blend-mode: normal\"><g transform=\"translate(0.00777,-0.24773) scale(0.20015,0.20015)\"><g transform=\"translate(0,461) scale(0.1,-0.1)\"><path d=\"M5925,4586c-66,-17 -118,-44 -112,-60c3,-7 -1,-13 -9,-13c-7,0 -10,5 -7,10c12,20 -23,-7 -78,-61c-146,-139 -177,-334 -85,-544c15,-34 59,-84 133,-150c84,-75 220,-110 349,-90c81,13 191,61 186,82c-1,6 1,9 5,7c14,-9 49,16 92,66c50,59 64,84 55,99c-4,6 -3,8 4,4c19,-11 54,120 54,206c0,42 -3,82 -7,88c-3,5 -8,19 -10,30c-6,30 -49,120 -57,120c-5,0 -8,6 -8,13c0,21 -61,89 -76,83c-8,-3 -11,0 -8,8c5,13 -45,51 -76,58c-8,2 -17,6 -20,9c-3,3 -30,15 -60,26c-65,24 -189,28 -265,9z\"><\/path><path d=\"M9250,4129c-130,-10 -196,-18 -244,-30c-23,-5 -54,-11 -71,-13c-53,-6 -237,-67 -340,-112c-162,-70 -330,-165 -317,-179c4,-5 2,-5 -4,-2c-13,8 -160,-96 -157,-111c2,-6 -3,-9 -11,-6c-7,3 -29,-13 -49,-36c-21,-22 -37,-37 -37,-33c0,4 -20,-13 -45,-37c-24,-24 -41,-48 -38,-53c3,-6 1,-7 -5,-3c-14,8 -124,-114 -117,-132c2,-7 1,-11 -4,-7c-23,13 -243,-310 -224,-328c3,-4 1,-7 -6,-7c-7,0 -10,-4 -7,-9c4,-5 1,-11 -5,-13c-31,-10 -147,-337 -175,-493c-35,-202 -20,-486 35,-630c50,-132 64,-164 87,-188c14,-15 22,-27 19,-27c-3,0 2,-12 11,-27c25,-40 175,-184 185,-177c5,3 9,0 9,-5c0,-13 97,-63 165,-84c74,-24 221,-47 297,-47c112,0 375,60 361,83c-3,6 -1,7 4,4c14,-9 126,37 116,47c-4,4 1,4 11,0c15,-6 17,-4 11,6c-5,8 -4,11 3,6c14,-9 63,14 55,27c-3,6 -1,7 6,3c11,-7 120,47 132,66c3,5 10,10 15,11c5,1 8,6 6,10c-1,5 2,6 8,2c11,-7 90,34 90,47c0,4 6,8 13,8c16,0 187,118 187,130c0,4 9,10 21,13c12,3 18,10 14,17c-4,6 -1,9 7,8c7,-2 12,3 10,10c-1,8 2,11 8,7c11,-7 36,9 148,93c39,30 72,59 72,63c0,5 5,9 10,9c20,0 69,43 63,54c-3,6 -3,8 2,4c15,-14 171,112 157,127c-4,4 -1,5 6,1c14,-8 89,52 84,67c-1,5 1,6 6,3c5,-3 19,2 31,10c19,13 20,18 9,32c-11,15 -11,15 3,4c14,-10 20,-10 32,3c9,8 20,15 25,15c5,0 22,13 38,30c16,16 32,30 37,30c18,0 86,53 80,63c-4,6 -1,7 7,2c8,-5 18,-1 27,10c7,11 13,16 13,12c0,-10 83,43 93,60c5,7 12,11 16,9c4,-3 17,2 27,12c10,9 42,30 71,45l52,28l15,-23c8,-13 20,-35 27,-50c7,-16 15,-28 19,-28c4,0 7,-6 7,-12c0,-7 14,-56 31,-108c53,-166 67,-363 37,-535c-9,-48 -13,-90 -11,-93c3,-2 -2,-11 -10,-19c-8,-9 -13,-22 -10,-29c3,-7 1,-16 -4,-19c-5,-3 -14,-22 -21,-43c-6,-20 -24,-63 -40,-94c-15,-32 -26,-58 -23,-58c3,0 -2,-7 -10,-16c-9,-8 -13,-21 -9,-27c3,-7 2,-9 -2,-4c-11,9 -46,-43 -38,-56c3,-6 1,-7 -4,-4c-11,7 -46,-39 -46,-60c0,-7 -3,-11 -5,-8c-7,6 -42,-25 -42,-37c0,-5 6,-6 13,-2c7,4 9,3 4,-2c-5,-5 -12,-9 -15,-9c-16,0 -54,-34 -56,-51c-1,-9 -11,-19 -21,-20c-16,-2 -85,-59 -93,-77c-2,-4 -8,-5 -13,-1c-5,3 -12,-2 -15,-10c-3,-9 -12,-16 -20,-16c-8,0 -14,-4 -14,-9c0,-5 -10,-11 -22,-14c-19,-5 -20,-8 -8,-24c12,-15 12,-16 0,-6c-17,15 -34,17 -25,3c3,-5 0,-7 -8,-5c-7,3 -31,-6 -53,-21c-21,-15 -68,-38 -104,-51c-36,-14 -69,-28 -75,-32c-5,-4 -38,-16 -72,-26c-55,-16 -61,-20 -50,-34c11,-14 10,-14 -5,-2c-18,14 -43,11 -95,-11c-15,-6 -37,-12 -48,-13c-11,-1 -74,-11 -140,-21c-218,-34 -610,-20 -849,30c-37,7 -66,11 -66,7c0,-3 -4,-1 -8,5c-10,14 -152,55 -165,47c-6,-4 -7,-1 -2,7c6,10 4,12 -8,7c-10,-3 -17,-3 -17,1c0,5 -37,23 -82,41c-46,19 -90,39 -98,46c-23,18 -49,25 -55,15c-4,-6 -12,-10 -18,-9c-9,0 -9,2 1,6c21,8 13,23 -23,40c-19,9 -35,21 -35,26c0,5 -7,6 -16,3c-8,-3 -13,-2 -10,3c3,4 -5,13 -17,18c-12,6 -48,31 -79,57c-53,43 -76,57 -64,38c2,-4 0,-14 -5,-22c-7,-11 -8,-8 -5,10c2,16 -4,34 -17,48c-24,26 -46,30 -26,5c13,-16 12,-17 -3,-4c-10,7 -16,17 -13,21c2,4 -31,42 -74,84c-43,42 -76,76 -73,76c3,0 -5,11 -17,24c-14,14 -30,22 -40,19c-12,-4 -13,-3 -3,5c11,7 7,17 -19,46c-18,22 -38,35 -46,32c-8,-3 -11,-2 -8,3c3,5 1,12 -5,16c-6,4 -8,11 -5,16c7,11 -29,61 -39,54c-3,-3 -4,-2 -1,2c3,3 -3,18 -12,32c-36,55 -109,178 -133,223c-13,26 -28,44 -34,41c-5,-3 -6,-1 -2,5c8,14 -28,84 -39,74c-5,-4 -5,-1 -1,6c6,10 -24,75 -43,92c-4,3 -6,10 -6,15c0,6 -12,35 -27,65c-33,68 -60,130 -64,150c-2,8 -12,35 -23,60c-11,25 -32,79 -47,120c-15,41 -41,104 -57,140c-17,36 -30,68 -29,73c1,4 -3,7 -10,7c-6,0 -8,3 -5,7c4,3 -7,30 -23,60c-17,29 -29,56 -29,59c1,4 -9,18 -22,32c-13,14 -18,22 -11,18c8,-5 -3,17 -24,48c-20,31 -41,56 -46,56c-5,0 -6,4 -3,10c3,5 -3,15 -15,22c-11,7 -20,18 -20,24c0,7 -7,15 -16,18c-14,5 -15,4 -5,-8c7,-8 8,-17 3,-20c-14,-9 -21,3 -16,29c3,18 -3,28 -25,41c-17,10 -28,21 -25,26c5,7 -10,12 -29,9c-4,0 -6,5 -5,11c2,7 -5,12 -14,12c-10,-1 -16,1 -13,5c2,4 -25,22 -60,40c-174,90 -473,80 -642,-21c-144,-85 -224,-202 -282,-408c-44,-160 -52,-277 -56,-890c-3,-311 -7,-564 -10,-562c-3,1 -5,3 -4,5c1,2 -66,107 -79,122c-5,6 -11,16 -13,22c-11,30 -175,291 -180,287c-4,-2 -6,4 -5,14c0,9 -5,16 -12,14c-8,-1 -11,2 -7,8c8,13 -127,230 -139,223c-5,-4 -6,-1 -2,5c3,6 -8,32 -26,59c-36,54 -48,64 -62,56c-5,-3 -6,-1 -2,6c4,6 13,8 19,4c7,-4 1,7 -13,24c-14,17 -28,29 -32,26c-4,-2 -5,2 -3,10c3,7 -8,31 -25,52c-16,21 -30,42 -30,47c0,6 -7,8 -15,5c-8,-4 -17,-2 -20,4c-4,5 -3,8 2,7c17,-6 16,8 -1,34c-10,15 -23,25 -29,21c-6,-3 -7,-1 -3,5c4,7 -7,32 -24,57c-28,40 -34,44 -48,33c-15,-12 -16,-11 -4,4c12,15 4,31 -63,127c-46,65 -82,108 -89,104c-6,-3 -8,-2 -3,2c9,10 -8,37 -84,132c-105,132 -132,162 -142,156c-6,-3 -7,-1 -3,5c8,13 -62,94 -74,87c-4,-3 -7,2 -6,9c2,21 -226,257 -242,251c-7,-2 -11,-1 -8,3c6,10 -90,103 -98,95c-3,-4 -6,-1 -6,4c0,14 -75,74 -95,77c-8,1 -18,6 -22,11c-4,4 -1,5 7,1c8,-4 6,-1 -5,8c-11,8 -24,19 -30,23c-74,60 -113,81 -124,70c-10,-9 -11,-9 -6,4c7,18 -19,34 -37,22c-6,-3 -8,-1 -4,5c5,9 -42,52 -58,52c-4,0 -25,12 -47,26c-23,14 -38,20 -34,12c5,-7 -2,-3 -14,10c-12,12 -27,22 -34,22c-7,0 -29,9 -50,20c-21,11 -43,17 -49,14c-7,-5 -8,-2 -3,6c6,10 3,12 -13,8c-12,-4 -20,-3 -17,1c5,9 -45,34 -53,26c-3,-2 -10,-1 -16,4c-38,31 -293,108 -451,136c-328,60 -783,60 -1040,1c-72,-17 -218,-60 -260,-77c-16,-7 -35,-13 -42,-15c-32,-6 -232,-108 -227,-115c3,-5 -1,-6 -9,-4c-7,3 -30,-6 -50,-20c-21,-13 -52,-32 -69,-41c-17,-9 -42,-28 -56,-42c-14,-15 -22,-21 -17,-14c10,18 -63,-35 -131,-94c-29,-26 -51,-51 -48,-55c3,-5 -1,-6 -8,-4c-17,7 -188,-168 -272,-278c-20,-26 -34,-53 -30,-59c4,-6 3,-8 -3,-5c-13,8 -106,-130 -98,-143c4,-6 0,-13 -8,-16c-15,-6 -113,-186 -119,-219c-1,-11 -6,-22 -9,-25c-26,-21 -111,-325 -140,-500c-26,-159 -26,-422 1,-580c44,-262 105,-455 206,-649c71,-135 182,-303 195,-295c6,3 9,-1 7,-9c-7,-34 300,-354 330,-342c7,2 10,1 7,-5c-10,-15 191,-163 223,-163c6,0 10,-2 7,-5c-8,-9 86,-62 98,-56c7,4 9,3 4,-1c-10,-11 130,-78 146,-69c7,4 8,3 4,-1c-10,-11 131,-68 145,-59c6,4 8,3 5,-3c-7,-11 109,-47 123,-38c4,3 10,0 12,-5c2,-6 19,-12 39,-14c20,-2 42,-7 49,-11c7,-4 43,-15 79,-23c57,-13 262,-16 1479,-19c988,-3 1412,-1 1407,7c-3,6 -11,7 -17,4c-6,-4 -8,-3 -5,3c8,13 -102,135 -115,127c-4,-3 -7,-2 -6,3c4,10 -36,56 -138,160c-44,46 -78,83 -76,83c3,0 -3,6 -13,14c-11,8 -24,12 -29,9c-5,-4 -6,-1 -2,6c9,14 -122,153 -137,144c-6,-3 -7,-1 -4,4c4,6 -1,17 -10,24c-14,12 -16,12 -8,0c6,-10 4,-12 -4,-7c-7,4 -11,12 -9,18c6,16 -111,130 -124,122c-7,-4 -8,-3 -4,4c4,7 -12,32 -37,59c-25,27 -61,65 -80,87c-20,21 -40,35 -46,31c-6,-3 -11,-1 -11,4c0,8 -254,11 -835,11c-531,0 -871,4 -932,11c-53,6 -147,26 -207,44c-61,18 -115,31 -120,28c-5,-4 -6,-2 -3,4c3,5 -17,21 -46,34c-56,25 -157,89 -195,122c-12,11 -22,18 -22,14c0,-8 -151,148 -162,168c-12,21 -29,19 -22,-2c5,-15 4,-15 -4,-3c-6,8 -8,18 -5,22c2,5 -13,37 -35,71c-23,34 -46,74 -53,89c-6,15 -16,25 -20,22c-5,-3 -6,1 -3,9c3,8 -3,22 -13,32c-10,10 -18,23 -18,29c-2,26 -18,66 -27,66c-5,0 -7,4 -4,9c4,5 1,22 -5,38c-6,15 -13,42 -15,60c-2,17 -8,42 -12,55c-12,33 -17,116 -15,255c2,164 32,293 103,450c21,45 35,85 32,89c-4,4 -2,5 3,1c6,-3 24,15 40,41c16,26 42,62 57,80c25,29 27,36 16,50c-11,15 -11,15 3,5c13,-10 24,-4 67,40c28,29 53,57 54,62c2,6 6,9 9,8c3,-1 20,11 38,27c17,16 33,28 35,27c7,-5 64,48 59,57c-3,5 -1,6 5,2c6,-3 34,7 64,23c29,15 76,36 103,46c28,10 55,22 60,26c23,16 188,49 290,58c98,9 266,2 340,-14c54,-11 143,-38 170,-50c17,-7 41,-15 55,-18c33,-5 223,-97 306,-147c35,-22 69,-40 74,-40c6,0 10,-4 10,-8c0,-4 15,-16 32,-27c18,-10 55,-36 81,-57c27,-21 53,-35 58,-32c5,3 8,1 7,-4c-4,-14 153,-153 165,-145c5,3 7,2 4,-4c-8,-13 37,-56 48,-46c4,5 5,3 2,-3c-6,-11 38,-61 51,-57c4,1 9,-1 12,-4c3,-4 -1,-3 -7,1c-19,11 -16,-7 5,-25c23,-21 57,-61 132,-154c35,-44 66,-79 70,-78c4,1 7,-5 6,-15c0,-9 5,-16 11,-15c7,2 12,0 10,-5c-3,-11 63,-112 75,-112c5,0 7,-4 4,-9c-3,-5 5,-20 19,-35c13,-14 22,-26 19,-26c-2,0 3,-11 12,-25c9,-14 21,-22 27,-18c5,3 7,1 3,-5c-8,-14 88,-164 99,-154c5,4 5,1 1,-6c-5,-8 -2,-21 7,-30c8,-9 22,-31 31,-49c12,-23 21,-31 34,-27c12,4 13,3 4,-3c-10,-7 -5,-22 21,-66c19,-31 38,-53 42,-49c5,4 5,1 1,-5c-4,-7 11,-39 36,-75c23,-35 51,-80 61,-100c11,-21 24,-35 30,-31c5,3 7,1 4,-4c-6,-9 50,-114 69,-132c4,-3 4,0 -1,8c-5,10 -4,12 4,7c6,-4 9,-11 6,-16c-5,-9 64,-132 77,-138c5,-2 8,-8 8,-14c0,-6 14,-30 30,-55c17,-24 30,-48 30,-53c0,-5 10,-16 22,-25c13,-8 22,-18 21,-20c-7,-13 -2,-25 9,-19c6,4 8,3 5,-3c-9,-14 211,-362 235,-371c4,-2 8,-10 8,-17c0,-7 3,-15 8,-17c4,-2 25,-28 48,-58c63,-85 155,-180 167,-173c6,4 7,1 2,-7c-11,-18 16,-31 35,-17c13,10 13,10 2,-5c-15,-18 -13,-21 59,-83c73,-63 82,-70 74,-55c-5,8 5,0 23,-18c23,-25 130,-85 172,-97c3,-1 12,-4 20,-7c53,-21 89,-26 192,-27c78,-1 136,3 177,14c73,19 154,58 144,70c-5,4 -3,5 4,1c16,-9 65,23 56,37c-3,5 -1,7 4,4c37,-23 232,256 237,337c0,13 4,22 7,20c4,-2 12,18 19,44c7,26 18,67 26,92c45,147 64,451 62,1005c-1,237 1,457 5,490c5,33 15,107 23,165c9,58 16,111 17,117c0,7 2,11 5,8c2,-2 12,4 21,15c27,32 64,35 98,6c24,-20 33,-23 43,-13c12,10 12,9 2,-4c-10,-13 -8,-21 13,-43c13,-14 25,-29 25,-31c5,-28 24,-64 33,-58c5,3 7,1 4,-4c-4,-6 8,-42 26,-79c19,-38 39,-84 46,-101c8,-18 18,-30 24,-26c5,3 7,1 4,-4c-9,-15 17,-75 28,-66c4,5 5,3 2,-4c-8,-13 91,-233 105,-233c5,0 7,-4 3,-9c-3,-5 1,-16 9,-24c8,-8 13,-16 11,-19c-7,-6 102,-203 112,-201c5,1 10,-7 10,-18c2,-21 71,-142 85,-147c4,-2 8,-10 8,-18c0,-8 11,-19 25,-24c14,-5 25,-12 25,-14c0,-3 -7,-3 -16,1c-15,5 26,-55 99,-148c22,-28 26,-30 22,-12c-2,13 0,25 4,28c5,2 7,-10 6,-28c-3,-32 20,-71 36,-61c5,3 6,-1 3,-9c-3,-8 3,-21 14,-28c10,-8 23,-21 28,-31c18,-33 196,-217 207,-215c7,1 11,-3 10,-9c-2,-10 128,-130 210,-194c26,-21 29,-21 55,-5c27,16 27,16 5,-3c-21,-18 -21,-20 -3,-34c15,-14 20,-14 32,-1c13,12 15,12 15,-1c0,-8 -4,-13 -9,-10c-4,3 -8,1 -8,-3c0,-10 42,-38 53,-35c4,1 7,-3 7,-9c0,-5 5,-7 10,-4c6,3 10,0 10,-7c0,-7 23,-26 51,-43c28,-16 72,-43 98,-58c166,-99 485,-234 509,-215c10,9 12,8 10,-2c-6,-23 320,-111 358,-96c8,3 13,2 10,-2c-6,-10 120,-32 224,-40c150,-12 468,-13 575,-3c145,14 506,109 535,141c3,3 12,6 20,8c8,1 54,21 103,45c64,31 86,46 82,57c-5,12 -3,12 6,3c9,-9 20,-6 50,13c21,13 41,24 44,24c14,0 207,142 245,181c14,14 33,28 43,32c9,3 17,11 17,17c0,6 -5,8 -12,4c-7,-4 -8,-3 -4,5c4,6 12,9 17,6c13,-9 125,104 218,220c83,102 88,112 71,133c-7,9 -7,9 2,2c18,-15 31,-12 24,6c-3,8 -2,13 3,10c12,-8 32,18 28,35c-2,8 -2,11 0,6c8,-14 22,4 16,20c-4,10 -2,14 4,10c12,-7 66,87 56,97c-3,3 -1,6 6,6c7,0 9,5 6,10c-3,6 -2,10 4,10c6,0 13,11 17,25c3,14 11,25 16,25c6,0 8,9 5,20c-3,11 -2,18 3,15c10,-6 83,163 75,175c-3,6 -1,10 4,10c6,0 10,3 9,8c0,4 2,14 5,22c9,23 45,151 52,185c58,285 62,593 11,875c-1,8 -6,36 -10,63c-5,26 -11,47 -15,47c-4,0 -7,8 -8,19c-3,40 -48,171 -94,275c-36,81 -46,112 -37,117c7,5 44,16 83,25c38,9 75,21 81,25c6,5 13,6 17,3c3,-3 32,1 64,9c32,8 79,18 106,22c26,4 50,11 53,16c3,5 9,7 14,4c4,-3 88,7 186,22c170,26 197,28 552,28c204,0 372,1 372,2c0,1 -9,22 -19,47c-33,75 -37,76 -302,82c-222,6 -281,3 -559,-26c-163,-18 -510,-82 -570,-107c-8,-3 -28,-7 -44,-9c-16,-2 -35,-12 -43,-22c-8,-9 -12,-11 -8,-5c4,9 -2,11 -24,7c-18,-4 -37,-2 -44,5c-8,6 -18,7 -22,3c-5,-4 -5,-2 -1,5c6,11 -37,93 -50,93c-3,0 -2,-5 2,-12c4,-7 3,-8 -5,-4c-6,4 -9,12 -5,17c10,17 -196,282 -214,276c-4,-1 -7,1 -7,5c0,16 -70,78 -83,73c-7,-2 -11,-1 -8,4c7,11 -39,53 -48,44c-4,-5 -6,-3 -4,4c5,19 -286,231 -327,237c-7,1 -19,7 -26,13c-30,23 -100,53 -111,47c-6,-4 -8,-3 -5,3c4,6 -14,18 -41,28c-26,10 -51,21 -57,25c-18,14 -237,80 -246,74c-5,-3 -9,-1 -9,4c0,8 -65,24 -110,27c-8,1 -24,4 -35,8c-27,8 -94,16 -245,27c-136,10 -132,10 -270,-1zM3455,3760c-3,-5 -12,-10 -18,-10c-7,0 -6,4 3,10c19,12 23,12 15,0zM835,3690c-3,-5 -12,-10 -18,-10c-7,0 -6,4 3,10c19,12 23,12 15,0zM3791,3543c13,-16 12,-17 -3,-4c-17,13 -22,21 -14,21c2,0 10,-8 17,-17zM3939,3347c8,-10 7,-14 -2,-14c-8,0 -14,6 -14,14c0,7 1,13 2,13c2,0 8,-6 14,-13zM9645,3181c50,-11 120,-31 156,-45c37,-14 69,-22 73,-19c3,4 6,1 6,-5c0,-6 16,-16 35,-23c19,-7 35,-16 35,-20c0,-4 15,-12 33,-20c17,-7 51,-28 75,-47c37,-30 44,-33 60,-21c16,13 16,13 2,-5c-14,-18 -13,-19 3,-13c11,4 16,3 12,-3c-4,-6 32,-49 79,-96c47,-47 86,-92 86,-99c0,-7 -16,-22 -36,-34c-19,-12 -32,-25 -29,-31c3,-5 0,-7 -9,-4c-14,5 -152,-66 -171,-89c-6,-7 -17,-13 -25,-15c-23,-5 -260,-163 -260,-174c0,-5 -3,-7 -8,-4c-4,2 -52,-29 -107,-71c-55,-41 -122,-90 -148,-110c-41,-30 -46,-37 -35,-52c11,-14 11,-14 -3,-4c-14,11 -28,5 -91,-40c-41,-28 -87,-60 -104,-69c-16,-10 -28,-22 -26,-28c1,-7 -2,-9 -7,-6c-5,3 -38,-11 -73,-31c-183,-106 -385,-188 -528,-214c-92,-17 -263,-15 -333,4c-293,78 -336,418 -98,776c22,35 41,64 41,67c0,2 9,13 21,25c11,11 18,27 15,35c-3,8 -2,13 3,10c12,-8 33,19 23,28c-4,4 0,6 8,4c8,-2 14,3 12,10c-1,8 2,11 7,8c12,-8 42,34 34,47c-3,6 -1,7 5,3c13,-8 164,123 156,136c-3,5 -1,7 4,6c5,-2 46,21 90,50c44,28 85,52 91,52c7,0 9,5 5,12c-4,6 -3,8 4,5c11,-8 72,23 72,36c0,5 4,6 8,3c5,-3 49,10 98,28c49,18 132,41 184,50c52,8 106,18 120,20c64,11 348,-4 435,-23zM4187,3133c-4,-3 -1,-13 6,-22c11,-14 10,-14 -5,-2c-16,12 -16,31 -1,31c4,0 3,-3 0,-7zM1457,3075c0,-8 -4,-12 -9,-9c-5,3 -6,10 -3,15c9,13 12,11 12,-6zM8681,3053c13,-16 12,-17 -3,-4c-10,7 -18,15 -18,17c0,8 8,3 21,-13zM1355,2980c3,-6 -1,-7 -9,-4c-18,7 -21,14 -7,14c6,0 13,-4 16,-10zM10235,2902c-3,-3 -11,0 -18,7c-9,10 -8,11 6,5c10,-3 15,-9 12,-12zM10305,2810c10,-11 16,-20 13,-20c-3,0 -13,9 -23,20c-10,11 -16,20 -13,20c3,0 13,-9 23,-20zM3260,2694c0,-8 -19,-13 -24,-6c-3,5 1,9 9,9c8,0 15,-2 15,-3zM10290,2595c0,-2 -6,-5 -13,-8c-8,-3 -14,1 -14,8c0,7 6,11 14,8c7,-3 13,-6 13,-8zM8189,2587c8,-10 7,-14 -2,-14c-8,0 -14,6 -14,14c0,7 1,13 2,13c2,0 8,-6 14,-13zM4667,2465c0,-8 -4,-12 -9,-9c-5,3 -6,10 -3,15c9,13 12,11 12,-6zM9714,2201c3,-5 -2,-15 -12,-22c-15,-12 -16,-12 -5,2c7,9 10,19 6,22c-3,4 -4,7 0,7c3,0 8,-4 11,-9zM9625,2111c3,-5 2,-12 -3,-15c-5,-3 -9,1 -9,9c0,17 3,19 12,6zM6620,2100c0,-5 -5,-10 -11,-10c-5,0 -7,5 -4,10c3,6 8,10 11,10c2,0 4,-4 4,-10zM9070,1685c0,-2 -6,-5 -13,-8c-8,-3 -14,1 -14,8c0,7 6,11 14,8c7,-3 13,-6 13,-8zM4067,1625c0,-8 -4,-12 -9,-9c-5,3 -6,10 -3,15c9,13 12,11 12,-6zM7635,1270c3,-5 1,-10 -4,-10c-6,0 -11,5 -11,10c0,6 2,10 4,10c3,0 8,-4 11,-10zM7181,1103c13,-16 12,-17 -3,-4c-17,13 -22,21 -14,21c2,0 10,-8 17,-17zM3740,874c0,-8 -19,-13 -24,-6c-3,5 1,9 9,9c8,0 15,-2 15,-3zM461,823c13,-16 12,-17 -3,-4c-10,7 -18,15 -18,17c0,8 8,3 21,-13zM3797,805c0,-8 -4,-12 -9,-9c-5,3 -6,10 -3,15c9,13 12,11 12,-6zM4590,766c0,-2 -8,-10 -17,-17c-16,-13 -17,-12 -4,4c13,16 21,21 21,13zM581,653c13,-16 12,-17 -3,-4c-10,7 -18,15 -18,17c0,8 8,3 21,-13zM10814,592c3,-5 -1,-9 -9,-9c-8,0 -12,4 -9,9c3,4 7,8 9,8c2,0 6,-4 9,-8zM4150,474c0,-8 -19,-13 -24,-6c-3,5 1,9 9,9c8,0 15,-2 15,-3zM4784,464c3,-8 2,-12 -4,-9c-6,3 -10,10 -10,16c0,14 7,11 14,-7zM10599,443c-3,-21 3,-24 19,-12c15,13 16,12 3,-4c-10,-13 -17,-15 -27,-6c-8,6 -11,15 -8,20c6,11 14,12 13,2zM4894,352c3,-5 -1,-9 -9,-9c-8,0 -12,4 -9,9c3,4 7,8 9,8c2,0 6,-4 9,-8zM5010,275c0,-2 -10,-9 -22,-15c-22,-11 -22,-10 -4,4c21,17 26,19 26,11zM1315,180c-3,-5 -12,-10 -18,-10c-7,0 -6,4 3,10c19,12 23,12 15,0z\"><\/path><\/g><\/g><\/g><\/svg>\t\t\t<\/div>\n\t\t<\/div>\n\t\t\t\t<\/div>\n\t\t\t\t<\/div>\n\t\t\t\t\t<\/div>\n\t\t\t\t<\/div>\n\t\t\t\t<\/div>\n\t\t","protected":false},"excerpt":{"rendered":"<p>Pol\u00edticas de Privacidad y tratamiento de datos Pol\u00edticas de Privacidad En nuestra empresa, valoramos y respetamos tu privacidad. Esta Pol\u00edtica de Privacidad describe c\u00f3mo recopilamos, utilizamos y protegemos la informaci\u00f3n personal que nos proporcionas cuando visitas nuestro sitio web. Recopilaci\u00f3n de informaci\u00f3n:&#8211; Recopilamos informaci\u00f3n personal, como nombres, direcciones de correo electr\u00f3nico y n\u00fameros de tel\u00e9fono, [&hellip;]<\/p>\n","protected":false},"author":1,"featured_media":0,"parent":0,"menu_order":0,"comment_status":"closed","ping_status":"open","template":"","meta":{"footnotes":""},"class_list":["post-3","page","type-page","status-publish","hentry"],"_links":{"self":[{"href":"https:\/\/aioit.cl\/index.php\/wp-json\/wp\/v2\/pages\/3","targetHints":{"allow":["GET"]}}],"collection":[{"href":"https:\/\/aioit.cl\/index.php\/wp-json\/wp\/v2\/pages"}],"about":[{"href":"https:\/\/aioit.cl\/index.php\/wp-json\/wp\/v2\/types\/page"}],"author":[{"embeddable":true,"href":"https:\/\/aioit.cl\/index.php\/wp-json\/wp\/v2\/users\/1"}],"replies":[{"embeddable":true,"href":"https:\/\/aioit.cl\/index.php\/wp-json\/wp\/v2\/comments?post=3"}],"version-history":[{"count":30,"href":"https:\/\/aioit.cl\/index.php\/wp-json\/wp\/v2\/pages\/3\/revisions"}],"predecessor-version":[{"id":1026,"href":"https:\/\/aioit.cl\/index.php\/wp-json\/wp\/v2\/pages\/3\/revisions\/1026"}],"wp:attachment":[{"href":"https:\/\/aioit.cl\/index.php\/wp-json\/wp\/v2\/media?parent=3"}],"curies":[{"name":"wp","href":"https:\/\/api.w.org\/{rel}","templated":true}]}}